{"id":25,"date":"2020-06-07T17:53:24","date_gmt":"2020-06-07T17:53:24","guid":{"rendered":"http:\/\/denyeveprojects.ch\/bacini\/?page_id=25"},"modified":"2024-12-14T19:47:45","modified_gmt":"2024-12-14T19:47:45","slug":"cantuccini","status":"publish","type":"page","link":"https:\/\/denyeveprojects.ch\/bacini\/cantuccini\/","title":{"rendered":"Cantuccini"},"content":{"rendered":"\n\n\n\n\n\n\n\n\n\n\n\n\n\n\n\n<p style=\"text-align: center; \"><span style=\"font-size: 14px; font-family: Georgia, serif;\"><em style=\"font-size: medium;\">Cantuccini \u00e0 100g 8.80.-<\/em><\/span><\/p><span style=\"font-size: 16px; font-family: Georgia, serif;\"><em><\/em><\/span><p style=\"text-align: center; \"><span style=\"font-size: 14px; font-family: Georgia, serif;\"><em><\/em><\/span><span style=\"font-family: Georgia, serif;\"><em><span style=\"font-size:small;\">&#8222;Wundert\u00fcten&#8220; sowie versch. Mengen auf Anfrage<\/span> <\/em><\/span><\/p><span style=\"font-size:medium;\"><\/span><span style=\"font-size:medium;\"><p style=\"text-align: center; \"><span style=\"font-family: Georgia, serif;\"><em style=\"font-size: small;\">Einzigartige Rezepte<\/em><\/span><\/p><\/span>\n<span style=\"font-size:medium;\"><p style=\"text-align: center; \"><span style=\"font-family: Georgia, serif;\"><em><br><\/em><\/span><\/p><\/span><p style=\"text-align: center;\"><strong><span style=\"color: rgb(0, 0, 0);\"><span style=\"font-family: Georgia, serif;\"><em><span style=\"font-size: x-large;\">Cantuccini<\/span><\/em><\/span><\/span><\/strong><\/p><p style=\"text-align: center;\"><strong><span style=\"color: rgb(0, 0, 0);\"><span style=\"font-family: Georgia, serif;\"><em><span style=\"font-size: 16px;\"><br><\/span><\/em><\/span><\/span><\/strong><\/p><p style=\"text-align: center;\"><span style=\"color: rgb(0, 0, 0);\"><span style=\"font-family: Georgia, serif;\"><em><span style=\"font-size: 16px;\">Unsere Cantuccini sind beliebt, einzigartig in der Zusammensetzung der Zutaten und im Geschmack, knackig und k\u00f6stlich.&nbsp; <\/span><\/em><\/span><\/span><span style=\"color: rgb(0, 0, 0);\"><span style=\"font-family: Georgia, serif;\"><em><span style=\"font-size: 16px;\"><br><\/span><\/em><\/span><\/span><\/p><p style=\"text-align: center;\"><span style=\"color: rgb(0, 0, 0);\"><span style=\"font-family: Georgia, serif;\"><em><span style=\"font-size: 16px;\"><\/span><\/em><\/span><\/span><\/p><p style=\"text-align: center;\"><span style=\"color: rgb(0, 0, 0);\"><span style=\"font-family: Georgia, serif;\"><em><span style=\"font-size: 16px;\">Wer Mandeln liebt, &#8222;isst&#8220;\nhier genau richtig. <br><\/span><\/em><\/span><\/span><\/p>\n<p style=\"text-align: center;\"><span style=\"color: rgb(0, 0, 0);\"><em><span style=\"font-family: Georgia, serif;\"><span style=\"font-size: 16px;\"><span style=\"font-size:large;\"><strong>Ein unvergesslicher Moment.<\/strong><\/span><br><\/span><\/span><\/em><\/span><\/p><p style=\"text-align: center;\"><span style=\"color: rgb(0, 0, 0);\"><em><span style=\"font-family: Georgia, serif;\"><span style=\"font-size: 16px;\">Probieren Sie unsere Hausgemachten Cantuccini und lassen Sie sich begeistern. <br><\/span><\/span><\/em><\/span><span style=\"color: rgb(0, 0, 0);\"><em><span style=\"font-family: Georgia, serif;\"><\/span><\/em><\/span><\/p><p style=\"text-align: center;\"><span style=\"color: rgb(0, 0, 0);\"><em><span style=\"font-family: Georgia, serif;\"><span style=\"font-size: 16px;\"><\/span><\/span><\/em><\/span><span style=\"color: rgb(0, 0, 0);\"><em><span style=\"font-family: Georgia, serif;\"><span style=\"font-size: 16px;\">Regional, in Rheinfelden hergestellt.<br><\/span><\/span><\/em><\/span><\/p><p style=\"text-align: center;\"><span style=\"color: rgb(0, 0, 0);\"><em><span style=\"font-family: Georgia, serif;\"><span style=\"font-size: 16px;\"><br><\/span><\/span><\/em><\/span><\/p>\n<p style=\"text-align: center;\"><strong><span style=\"color: rgb(0, 0, 0);\"><em><span style=\"font-family: Georgia, serif;\"><span style=\"font-size: 16px;\">Geschichte der Originalen Cantucci:<\/span><\/span><\/em><\/span><\/strong><\/p><p style=\"text-align: center;\"><span style=\"color: rgb(0, 0, 0);\"><em><span style=\"font-family: Georgia, serif;\"><span style=\"font-size: 16px;\">Cantucci sind der ganze Stolz aus der Toskanischen Region Italiens. Urspr\u00fcnglich d\u00fcrften sie bereits von r\u00f6mischer Zeit bekannt sein. Doch zur Sensation wurden sie mit Antonio Mattei in Prato &#8211; Italien um ca. 1858. Cantucci sind die traditionellste Biscotti-Sorte aus der Toscana und ihre Zutaten lassen sich an einer einzigen Hand abz\u00e4hlen. Da sie zwei Mal gebacken werden, erhalten sie ein intensives Aroma und bleiben so, in hermetischer Aufbewahrung \u00fcber drei Monate haltbar. Die Hauptzutaten sind Mandeln, die wahre Energie und Kraftspender sind und welche auch zu fr\u00fcheren Zeiten f\u00fcr S\u00e4ttigung und wohlergehen gesorgt haben. Wer sie lieber weich geniessen m\u00f6chte, darf den Geschmack nicht verpassen wenn man sie in eine Tasse Kaffe, ein Glas Milch oder in ein Glas Wein taucht. <\/span><\/span><\/em><\/span><\/p>\n<p style=\"text-align: center;\"><strong><span style=\"color: rgb(0, 0, 0);\"><em><span style=\"font-family: Georgia, serif;\"><span style=\"font-size: large;\">Unsere Cantuccini machen den Unterschied<\/span><\/span><\/em><\/span><\/strong><\/p>\n<p style=\"text-align: center;\"><span style=\"color: rgb(0, 0, 0);\"><em><span style=\"font-family: Georgia, serif;\"><span style=\"font-size: 16px;\">Der Ursprung unserer Leidenschaft f\u00fcrs Cantuccini backen, liegt in der Familie &#8222;Di Gioia&#8220; Familie. Mama Anna hat ihre ganz eigenen Rezepte kreiert, die es so kein zweites mal gibt. Sie verw\u00f6hnen unsere G\u00e4ste und Probanden mit einer fein-s\u00fcsslichen Vanillenote und sind knackig im Biss und sorgen f\u00fcr S\u00e4ttigung und N\u00e4hrung.<br><\/span><\/span><\/em><\/span><\/p><p style=\"text-align: center;\"><span style=\"color: rgb(0, 0, 0);\"><em><span style=\"font-family: Georgia, serif;\"><span style=\"font-size: 16px;\">Eine klassische und hervorragende Geschmackskombination sind unsere Cantuccini mit Kaffee und Eis sowie Milkshakes. Sie werden auch gerne als Basis f\u00fcr Cheesecakes, Mousses oder Cremes verwendet und passen zu vielen Desserts und vor allem &#8211;&nbsp; <\/span><\/span><\/em><\/span><\/p>\n<p style=\"text-align: center;\"><span style=\"color: rgb(0, 0, 0);\"><em><span style=\"font-family: Georgia, serif;\"><span style=\"font-size: 16px;\">zu jedem Anlass. <\/span><\/span><\/em><\/span><\/p>\n<p style=\"text-align: center;\"><span style=\"color: rgb(0, 0, 0);\"><em><span style=\"font-family: Georgia, serif;\"><span style=\"font-size: 16px;\"><strong>&#8222;Wundert\u00fcten&#8220;\n<\/strong>\n<\/span><\/span><\/em><\/span><\/p>\n<p style=\"text-align: center;\"><span style=\"color: rgb(0, 0, 0);\"><em><span style=\"font-family: Georgia, serif;\"><span style=\"font-size: 16px;\">Eine kleine Kombination aus 2 Cantuccini und 2 Bacini in einer Handgefertigten durchsichtigen Wundert\u00fcte. Weitere Bilder finden sie in der Galerie oder auf socials @bacini.ch<br><\/span><\/span><\/em><\/span><\/p>\n<p style=\"text-align: center;\"><span style=\"color: rgb(0, 0, 0);\"><em><span style=\"font-family: Georgia, serif;\"><span style=\"font-size: 16px;\">Wir freuen uns auf individuelle Anfragen und stellen gerne mit euch etwas zusammen. <br><\/span><\/span><\/em><\/span><\/p><p><span style=\"color: rgb(0, 0, 0);\"><em><span style=\"font-family: Georgia, serif;\"><span style=\"font-size: 16px;\"><\/span><\/span><\/em><\/span><\/p>\n<p style=\"text-align: center;\"><span style=\"color: rgb(0, 0, 0);\"><em><span style=\"font-family: Georgia, serif;\"><span style=\"font-size: 16px;\"><strong>Sie sind es wert. <\/strong><\/span><\/span><\/em><\/span><\/p>\n<p style=\"text-align: center;\"><span style=\"color: rgb(0, 0, 0);\"><em><span style=\"font-family: Georgia, serif;\"><span style=\"font-size: 16px;\">&#8222;Denn, was gibt es sch\u00f6neres, als sich in einem Moment des Genusses zu verlieren?&#8220; <\/span><\/span><\/em><\/span><\/p><p style=\"text-align: center;\"><strong><span style=\"color: rgb(0, 0, 0);\"><em><span style=\"font-family: Georgia, serif;\"><span style=\"font-size: 16px;\"><\/span><\/span><\/em><\/span><\/strong><\/p><span style=\"font-size: large;\"><p style=\"text-align: center;\"><strong><span style=\"color: rgb(0, 0, 0);\"><em><span style=\"font-family: Georgia, serif;\"><span style=\"\"><br><\/span><\/span><\/em><\/span><\/strong><\/p><p style=\"text-align: center;\"><strong><span style=\"color: rgb(0, 0, 0);\"><em><span style=\"font-family: Georgia, serif;\"><span style=\"\">&#8222;Sie sind k\u00f6stlich- <br><\/span><\/span><\/em><\/span><\/strong><\/p><p style=\"text-align: center;\"><strong><span style=\"color: rgb(0, 0, 0);\"><em><span style=\"font-family: Georgia, serif;\"><span style=\"\">weil sie simpel und echt sind&#8220; <\/span><\/span><\/em><\/span><\/strong><\/p><\/span><span style=\"font-size: large;\"><p style=\"text-align: center;\"><span style=\"color: rgb(0, 0, 0);\"><em><span style=\"font-family: Georgia, serif;\"><span style=\"\"><br><\/span><\/span><\/em><\/span><\/p><\/span>\n<span style=\"font-size: large;\"><p style=\"text-align: center;\"><span style=\"color: rgb(0, 0, 0);\"><em><span style=\"font-family: Georgia, serif;\"><span style=\"\">Senden Sie uns Ihre Bestellung einfach per e-mail oder Nachricht an<br><\/span><\/span><\/em><\/span><\/p><p style=\"text-align: center;\"><span style=\"color: rgb(0, 0, 0);\"><em><span style=\"font-family: Georgia, serif;\"><span style=\"\"><\/span><\/span><\/em><\/span><\/p><\/span><span style=\"font-size:x-large;\"><span style=\"\"><p style=\"text-align: center;\"><span style=\"color: rgb(0, 0, 0);\"><em><span style=\"font-family: Georgia, serif;\"><span style=\"\">info@bacini.ch <\/span><\/span><\/em><\/span><\/p><\/span><\/span><span style=\"font-size:x-large;\"><p style=\"text-align: center;\"><span style=\"color: rgb(0, 0, 0);\"><em><span style=\"font-family: Georgia, serif;\"><span style=\"\">socials: @bacini.ch <br><\/span><\/span><\/em><\/span><\/p><\/span>\n<p style=\"text-align: center;\"><span style=\"color: rgb(0, 0, 0);\"><em><span style=\"font-family: Georgia, serif;\"><span style=\"font-size: 16px;\"><span style=\"font-size:small;\"><span style=\"\"><\/span><\/span><span style=\"font-size:medium;\"><span style=\"\"><span style=\"\">076 743 71 11<\/span><\/span><\/span><br><\/span><\/span><\/em><\/span><\/p><p><span style=\"color: rgb(0, 0, 0);\"><em><span style=\"font-family: Georgia, serif;\"><span style=\"font-size: 16px;\"><\/span><\/span><\/em><\/span><\/p>\n\n\n\n\n\n\n\n\n\n\n\n\n\n\n\n\n","protected":false},"excerpt":{"rendered":"","protected":false},"author":1,"featured_media":0,"parent":0,"menu_order":0,"comment_status":"closed","ping_status":"closed","template":"","meta":{"pagelayer_contact_templates":[],"_pagelayer_content":"","footnotes":""},"class_list":["post-25","page","type-page","status-publish","hentry"],"_links":{"self":[{"href":"https:\/\/denyeveprojects.ch\/bacini\/wp-json\/wp\/v2\/pages\/25","targetHints":{"allow":["GET"]}}],"collection":[{"href":"https:\/\/denyeveprojects.ch\/bacini\/wp-json\/wp\/v2\/pages"}],"about":[{"href":"https:\/\/denyeveprojects.ch\/bacini\/wp-json\/wp\/v2\/types\/page"}],"author":[{"embeddable":true,"href":"https:\/\/denyeveprojects.ch\/bacini\/wp-json\/wp\/v2\/users\/1"}],"replies":[{"embeddable":true,"href":"https:\/\/denyeveprojects.ch\/bacini\/wp-json\/wp\/v2\/comments?post=25"}],"version-history":[{"count":116,"href":"https:\/\/denyeveprojects.ch\/bacini\/wp-json\/wp\/v2\/pages\/25\/revisions"}],"predecessor-version":[{"id":945,"href":"https:\/\/denyeveprojects.ch\/bacini\/wp-json\/wp\/v2\/pages\/25\/revisions\/945"}],"wp:attachment":[{"href":"https:\/\/denyeveprojects.ch\/bacini\/wp-json\/wp\/v2\/media?parent=25"}],"curies":[{"name":"wp","href":"https:\/\/api.w.org\/{rel}","templated":true}]}}